{"id":60,"date":"2026-02-05T03:21:58","date_gmt":"2026-02-05T03:21:58","guid":{"rendered":"https:\/\/neopoliza.com\/blog\/?page_id=60"},"modified":"2026-02-05T03:26:36","modified_gmt":"2026-02-05T03:26:36","slug":"registro-y-control-de-polizas-de-seguros-en-linea","status":"publish","type":"page","link":"https:\/\/neopoliza.com\/blog\/registro-y-control-de-polizas-de-seguros-en-linea\/","title":{"rendered":"Registro y control de p\u00f3lizas de seguros en l\u00ednea"},"content":{"rendered":"\n<p>NeoPoliza te permite acceder a un listado centralizado de p\u00f3lizas desde donde puedes localizar clientes, p\u00f3lizas y aseguradoras de forma r\u00e1pida. Aplica filtros por estatus de p\u00f3liza activa y revisa informaci\u00f3n relevante como datos de contacto, aseguradora, ramo y fecha de vencimiento en un solo lugar.<\/p>\n\n\n\n<h3 class=\"wp-block-heading\">Registro de nuevas p\u00f3lizas de seguros<\/h3>\n\n\n\n<p>Desde la opci\u00f3n Agregar p\u00f3liza, podr\u00e1s ingresar la informaci\u00f3n completa del asegurado, incluyendo nombre, correo electr\u00f3nico, tel\u00e9fonos de contacto y la aseguradora correspondiente. Adem\u00e1s, registra el n\u00famero de p\u00f3liza, selecciona el ramo de seguro y define las fechas de inicio y t\u00e9rmino de vigencia.<\/p>\n\n\n\n<h3 class=\"wp-block-heading\">Administraci\u00f3n de pagos y notas de p\u00f3liza<\/h3>\n\n\n\n<p>El sistema permite configurar la periodicidad de pago, capturar el importe de la prima inicial y las primas posteriores, as\u00ed como a\u00f1adir comentarios espec\u00edficos para cada p\u00f3liza. Esto te brinda un control detallado sobre la gesti\u00f3n de tus seguros.<\/p>\n\n\n\n<h3 class=\"wp-block-heading\">Seguimiento \u00e1gil y confiable<\/h3>\n\n\n\n<p>Con una interfaz intuitiva y acciones de guardado inmediato, NeoPoliza optimiza el seguimiento de p\u00f3lizas, reduce errores en la administraci\u00f3n de seguros y contribuye a una mejor experiencia para tus clientes.<\/p>\n\n\n\n<figure class=\"wp-block-embed is-type-video is-provider-youtube wp-block-embed-youtube wp-embed-aspect-16-9 wp-has-aspect-ratio\"><div class=\"wp-block-embed__wrapper\">\n<iframe title=\"\ud83d\udcd1 NeoP\u00f3liza | Visualiza tu listado de p\u00f3lizas f\u00e1cil y r\u00e1pido\" width=\"500\" height=\"281\" src=\"https:\/\/www.youtube.com\/embed\/pOQEzuqTbEY?feature=oembed\" frameborder=\"0\" allow=\"accelerometer; autoplay; clipboard-write; encrypted-media; gyroscope; picture-in-picture; web-share\" referrerpolicy=\"strict-origin-when-cross-origin\" allowfullscreen><\/iframe>\n<\/div><\/figure>\n\n\n\n<p><\/p>\n\n\n\n<figure class=\"wp-block-embed is-type-video is-provider-youtube wp-block-embed-youtube wp-embed-aspect-16-9 wp-has-aspect-ratio\"><div class=\"wp-block-embed__wrapper\">\n<iframe title=\"\ud83d\udcdd NeoP\u00f3liza | C\u00f3mo agregar p\u00f3lizas f\u00e1cil y r\u00e1pido en tu sistema de seguros\" width=\"500\" height=\"281\" src=\"https:\/\/www.youtube.com\/embed\/XOZJ3lFiKr4?feature=oembed\" frameborder=\"0\" allow=\"accelerometer; autoplay; clipboard-write; encrypted-media; gyroscope; picture-in-picture; web-share\" referrerpolicy=\"strict-origin-when-cross-origin\" allowfullscreen><\/iframe>\n<\/div><\/figure>\n","protected":false},"excerpt":{"rendered":"<p>NeoPoliza te permite acceder a un listado centralizado de p\u00f3lizas desde donde puedes localizar clientes, p\u00f3lizas y aseguradoras de forma [&hellip;]<\/p>\n","protected":false},"author":1,"featured_media":0,"parent":0,"menu_order":0,"comment_status":"closed","ping_status":"closed","template":"","meta":{"site-sidebar-layout":"default","site-content-layout":"","ast-site-content-layout":"default","site-content-style":"default","site-sidebar-style":"default","ast-global-header-display":"","ast-banner-title-visibility":"","ast-main-header-display":"","ast-hfb-above-header-display":"","ast-hfb-below-header-display":"","ast-hfb-mobile-header-display":"","site-post-title":"","ast-breadcrumbs-content":"","ast-featured-img":"","footer-sml-layout":"","ast-disable-related-posts":"","theme-transparent-header-meta":"","adv-header-id-meta":"","stick-header-meta":"","header-above-stick-meta":"","header-main-stick-meta":"","header-below-stick-meta":"","astra-migrate-meta-layouts":"default","ast-page-background-enabled":"default","ast-page-background-meta":{"desktop":{"background-color":"var(--ast-global-color-5)","background-image":"","background-repeat":"repeat","background-position":"center center","background-size":"auto","background-attachment":"scroll","background-type":"","background-media":"","overlay-type":"","overlay-color":"","overlay-opacity":"","overlay-gradient":""},"tablet":{"background-color":"","background-image":"","background-repeat":"repeat","background-position":"center center","background-size":"auto","background-attachment":"scroll","background-type":"","background-media":"","overlay-type":"","overlay-color":"","overlay-opacity":"","overlay-gradient":""},"mobile":{"background-color":"","background-image":"","background-repeat":"repeat","background-position":"center center","background-size":"auto","background-attachment":"scroll","background-type":"","background-media":"","overlay-type":"","overlay-color":"","overlay-opacity":"","overlay-gradient":""}},"ast-content-background-meta":{"desktop":{"background-color":"var(--ast-global-color-4)","background-image":"","background-repeat":"repeat","background-position":"center center","background-size":"auto","background-attachment":"scroll","background-type":"","background-media":"","overlay-type":"","overlay-color":"","overlay-opacity":"","overlay-gradient":""},"tablet":{"background-color":"var(--ast-global-color-4)","background-image":"","background-repeat":"repeat","background-position":"center center","background-size":"auto","background-attachment":"scroll","background-type":"","background-media":"","overlay-type":"","overlay-color":"","overlay-opacity":"","overlay-gradient":""},"mobile":{"background-color":"var(--ast-global-color-4)","background-image":"","background-repeat":"repeat","background-position":"center center","background-size":"auto","background-attachment":"scroll","background-type":"","background-media":"","overlay-type":"","overlay-color":"","overlay-opacity":"","overlay-gradient":""}},"footnotes":""},"class_list":["post-60","page","type-page","status-publish","hentry"],"yoast_head":"<!-- This site is optimized with the Yoast SEO plugin v26.9 - https:\/\/yoast.com\/product\/yoast-seo-wordpress\/ -->\n<title>Registro y control de p\u00f3lizas de seguros en l\u00ednea - NEOPOLIZA<\/title>\n<meta name=\"robots\" content=\"index, follow, max-snippet:-1, max-image-preview:large, max-video-preview:-1\" \/>\n<link rel=\"canonical\" href=\"https:\/\/www.neopoliza.com\/blog\/registro-y-control-de-polizas-de-seguros-en-linea\/\" \/>\n<meta property=\"og:locale\" content=\"en_US\" \/>\n<meta property=\"og:type\" content=\"article\" \/>\n<meta property=\"og:title\" content=\"Registro y control de p\u00f3lizas de seguros en l\u00ednea - NEOPOLIZA\" \/>\n<meta property=\"og:description\" content=\"NeoPoliza te permite acceder a un listado centralizado de p\u00f3lizas desde donde puedes localizar clientes, p\u00f3lizas y aseguradoras de forma [&hellip;]\" \/>\n<meta property=\"og:url\" content=\"https:\/\/www.neopoliza.com\/blog\/registro-y-control-de-polizas-de-seguros-en-linea\/\" \/>\n<meta property=\"og:site_name\" content=\"NEOPOLIZA\" \/>\n<meta property=\"article:modified_time\" content=\"2026-02-05T03:26:36+00:00\" \/>\n<meta name=\"twitter:card\" content=\"summary_large_image\" \/>\n<meta name=\"twitter:label1\" content=\"Est. reading time\" \/>\n\t<meta name=\"twitter:data1\" content=\"1 minute\" \/>\n<script type=\"application\/ld+json\" class=\"yoast-schema-graph\">{\"@context\":\"https:\/\/schema.org\",\"@graph\":[{\"@type\":\"WebPage\",\"@id\":\"https:\/\/www.neopoliza.com\/blog\/registro-y-control-de-polizas-de-seguros-en-linea\/\",\"url\":\"https:\/\/www.neopoliza.com\/blog\/registro-y-control-de-polizas-de-seguros-en-linea\/\",\"name\":\"Registro y control de p\u00f3lizas de seguros en l\u00ednea - NEOPOLIZA\",\"isPartOf\":{\"@id\":\"https:\/\/www.neopoliza.com\/blog\/#website\"},\"datePublished\":\"2026-02-05T03:21:58+00:00\",\"dateModified\":\"2026-02-05T03:26:36+00:00\",\"breadcrumb\":{\"@id\":\"https:\/\/www.neopoliza.com\/blog\/registro-y-control-de-polizas-de-seguros-en-linea\/#breadcrumb\"},\"inLanguage\":\"en-US\",\"potentialAction\":[{\"@type\":\"ReadAction\",\"target\":[\"https:\/\/www.neopoliza.com\/blog\/registro-y-control-de-polizas-de-seguros-en-linea\/\"]}]},{\"@type\":\"BreadcrumbList\",\"@id\":\"https:\/\/www.neopoliza.com\/blog\/registro-y-control-de-polizas-de-seguros-en-linea\/#breadcrumb\",\"itemListElement\":[{\"@type\":\"ListItem\",\"position\":1,\"name\":\"Home\",\"item\":\"https:\/\/www.neopoliza.com\/blog\/\"},{\"@type\":\"ListItem\",\"position\":2,\"name\":\"Registro y control de p\u00f3lizas de seguros en l\u00ednea\"}]},{\"@type\":\"WebSite\",\"@id\":\"https:\/\/www.neopoliza.com\/blog\/#website\",\"url\":\"https:\/\/www.neopoliza.com\/blog\/\",\"name\":\"NEOPOLIZA\",\"description\":\"Gesti\u00f3n de p\u00f3lizas y recordatorios para agentes de seguros\",\"publisher\":{\"@id\":\"https:\/\/www.neopoliza.com\/blog\/#organization\"},\"potentialAction\":[{\"@type\":\"SearchAction\",\"target\":{\"@type\":\"EntryPoint\",\"urlTemplate\":\"https:\/\/www.neopoliza.com\/blog\/?s={search_term_string}\"},\"query-input\":{\"@type\":\"PropertyValueSpecification\",\"valueRequired\":true,\"valueName\":\"search_term_string\"}}],\"inLanguage\":\"en-US\"},{\"@type\":\"Organization\",\"@id\":\"https:\/\/www.neopoliza.com\/blog\/#organization\",\"name\":\"NEOPOLIZA\",\"url\":\"https:\/\/www.neopoliza.com\/blog\/\",\"logo\":{\"@type\":\"ImageObject\",\"inLanguage\":\"en-US\",\"@id\":\"https:\/\/www.neopoliza.com\/blog\/#\/schema\/logo\/image\/\",\"url\":\"https:\/\/neopoliza.com\/blog\/wp-content\/uploads\/2026\/02\/cropped-neopoliza-05-scaled-1.png\",\"contentUrl\":\"https:\/\/neopoliza.com\/blog\/wp-content\/uploads\/2026\/02\/cropped-neopoliza-05-scaled-1.png\",\"width\":818,\"height\":598,\"caption\":\"NEOPOLIZA\"},\"image\":{\"@id\":\"https:\/\/www.neopoliza.com\/blog\/#\/schema\/logo\/image\/\"}}]}<\/script>\n<!-- \/ Yoast SEO plugin. -->","yoast_head_json":{"title":"Registro y control de p\u00f3lizas de seguros en l\u00ednea - NEOPOLIZA","robots":{"index":"index","follow":"follow","max-snippet":"max-snippet:-1","max-image-preview":"max-image-preview:large","max-video-preview":"max-video-preview:-1"},"canonical":"https:\/\/www.neopoliza.com\/blog\/registro-y-control-de-polizas-de-seguros-en-linea\/","og_locale":"en_US","og_type":"article","og_title":"Registro y control de p\u00f3lizas de seguros en l\u00ednea - NEOPOLIZA","og_description":"NeoPoliza te permite acceder a un listado centralizado de p\u00f3lizas desde donde puedes localizar clientes, p\u00f3lizas y aseguradoras de forma [&hellip;]","og_url":"https:\/\/www.neopoliza.com\/blog\/registro-y-control-de-polizas-de-seguros-en-linea\/","og_site_name":"NEOPOLIZA","article_modified_time":"2026-02-05T03:26:36+00:00","twitter_card":"summary_large_image","twitter_misc":{"Est. reading time":"1 minute"},"schema":{"@context":"https:\/\/schema.org","@graph":[{"@type":"WebPage","@id":"https:\/\/www.neopoliza.com\/blog\/registro-y-control-de-polizas-de-seguros-en-linea\/","url":"https:\/\/www.neopoliza.com\/blog\/registro-y-control-de-polizas-de-seguros-en-linea\/","name":"Registro y control de p\u00f3lizas de seguros en l\u00ednea - NEOPOLIZA","isPartOf":{"@id":"https:\/\/www.neopoliza.com\/blog\/#website"},"datePublished":"2026-02-05T03:21:58+00:00","dateModified":"2026-02-05T03:26:36+00:00","breadcrumb":{"@id":"https:\/\/www.neopoliza.com\/blog\/registro-y-control-de-polizas-de-seguros-en-linea\/#breadcrumb"},"inLanguage":"en-US","potentialAction":[{"@type":"ReadAction","target":["https:\/\/www.neopoliza.com\/blog\/registro-y-control-de-polizas-de-seguros-en-linea\/"]}]},{"@type":"BreadcrumbList","@id":"https:\/\/www.neopoliza.com\/blog\/registro-y-control-de-polizas-de-seguros-en-linea\/#breadcrumb","itemListElement":[{"@type":"ListItem","position":1,"name":"Home","item":"https:\/\/www.neopoliza.com\/blog\/"},{"@type":"ListItem","position":2,"name":"Registro y control de p\u00f3lizas de seguros en l\u00ednea"}]},{"@type":"WebSite","@id":"https:\/\/www.neopoliza.com\/blog\/#website","url":"https:\/\/www.neopoliza.com\/blog\/","name":"NEOPOLIZA","description":"Gesti\u00f3n de p\u00f3lizas y recordatorios para agentes de seguros","publisher":{"@id":"https:\/\/www.neopoliza.com\/blog\/#organization"},"potentialAction":[{"@type":"SearchAction","target":{"@type":"EntryPoint","urlTemplate":"https:\/\/www.neopoliza.com\/blog\/?s={search_term_string}"},"query-input":{"@type":"PropertyValueSpecification","valueRequired":true,"valueName":"search_term_string"}}],"inLanguage":"en-US"},{"@type":"Organization","@id":"https:\/\/www.neopoliza.com\/blog\/#organization","name":"NEOPOLIZA","url":"https:\/\/www.neopoliza.com\/blog\/","logo":{"@type":"ImageObject","inLanguage":"en-US","@id":"https:\/\/www.neopoliza.com\/blog\/#\/schema\/logo\/image\/","url":"https:\/\/neopoliza.com\/blog\/wp-content\/uploads\/2026\/02\/cropped-neopoliza-05-scaled-1.png","contentUrl":"https:\/\/neopoliza.com\/blog\/wp-content\/uploads\/2026\/02\/cropped-neopoliza-05-scaled-1.png","width":818,"height":598,"caption":"NEOPOLIZA"},"image":{"@id":"https:\/\/www.neopoliza.com\/blog\/#\/schema\/logo\/image\/"}}]}},"_hostinger_reach_plugin_has_subscription_block":false,"_hostinger_reach_plugin_is_elementor":false,"_links":{"self":[{"href":"https:\/\/neopoliza.com\/blog\/wp-json\/wp\/v2\/pages\/60","targetHints":{"allow":["GET"]}}],"collection":[{"href":"https:\/\/neopoliza.com\/blog\/wp-json\/wp\/v2\/pages"}],"about":[{"href":"https:\/\/neopoliza.com\/blog\/wp-json\/wp\/v2\/types\/page"}],"author":[{"embeddable":true,"href":"https:\/\/neopoliza.com\/blog\/wp-json\/wp\/v2\/users\/1"}],"replies":[{"embeddable":true,"href":"https:\/\/neopoliza.com\/blog\/wp-json\/wp\/v2\/comments?post=60"}],"version-history":[{"count":3,"href":"https:\/\/neopoliza.com\/blog\/wp-json\/wp\/v2\/pages\/60\/revisions"}],"predecessor-version":[{"id":71,"href":"https:\/\/neopoliza.com\/blog\/wp-json\/wp\/v2\/pages\/60\/revisions\/71"}],"wp:attachment":[{"href":"https:\/\/neopoliza.com\/blog\/wp-json\/wp\/v2\/media?parent=60"}],"curies":[{"name":"wp","href":"https:\/\/api.w.org\/{rel}","templated":true}]}}